{"id":750,"date":"2019-02-11T16:52:27","date_gmt":"2019-02-11T16:52:27","guid":{"rendered":"https:\/\/scuolascipontetonale.com\/new\/?page_id=750"},"modified":"2025-03-31T12:43:12","modified_gmt":"2025-03-31T12:43:12","slug":"privacy-policy","status":"publish","type":"page","link":"https:\/\/scuolascipontetonale.com\/new\/index.php\/privacy-policy\/","title":{"rendered":"Privacy Policy"},"content":{"rendered":"<div class=\"wpb-content-wrapper\"><p>[vc_row][vc_column]<div id=\"sc_title_310903738\"\n\t\tclass=\"sc_title sc_title_default\"><h6 class=\"sc_item_subtitle sc_title_subtitle sc_align_center sc_item_title_style_default\">Privacy Policy<\/h6><h3 class=\"sc_item_title sc_title_title sc_align_center sc_item_title_style_default sc_item_title_tag\">Scuola SciPontedilegno-Tonale<\/h3><\/div><!-- \/.sc_title -->[vc_empty_space height=&#8221;4em&#8221; alter_height=&#8221;none&#8221; hide_on_mobile=&#8221;&#8221; hide_on_desktop=&#8221;&#8221; hide_on_notebook=&#8221;&#8221; hide_on_tablet=&#8221;&#8221;][\/vc_column][\/vc_row][vc_row hide_bg_image_on_tablet=&#8221;&#8221; hide_bg_image_on_mobile=&#8221;&#8221; css=&#8221;.vc_custom_1527690597112{background-color: #f7f8f9 !important;}&#8221;][vc_column icons_position=&#8221;left&#8221;][vc_empty_space height=&#8221;4em&#8221; alter_height=&#8221;none&#8221; hide_on_mobile=&#8221;&#8221; hide_on_desktop=&#8221;&#8221; hide_on_notebook=&#8221;&#8221; hide_on_tablet=&#8221;&#8221;]<div id=\"sc_content_408947245\"\n\t\tclass=\"sc_content sc_content_default sc_float_center p70\"><div class=\"sc_content_container\">[vc_column_text]<strong>INFORMATIVA SUL TRATTAMENTO DEI DATI PERSONALI AI SENSI DELL\u2019ART. 13 DEL REGOLAMENTO UE 2016\/679 E DELL\u2019ART. 13 D.LGS. 196\/2003.<\/strong><\/p>\n<p><em><strong>Premessa<\/strong><\/em><br \/>\nGentile Cliente, il \u201cRegolamento Europeo 2016\/679 relativo alla protezione delle persone fisiche con riguardo al Trattamento dei Dati Personali, nonch\u00e9 alla libera circolazione di tali dati\u201d, prevede la tutela delle persone e di altri soggetti rispetto al trattamento dei dati personali.<\/p>\n<p><strong>LA SCUOLA SCI PONTEDILEGNO-TONALE<\/strong>\u00a0in qualit\u00e0 di \u201cTitolare\u201d del trattamento, ai sensi dell\u2019articolo 13 del Reg. UE 2016\/679, desidera illustrarLe le finalit\u00e0 e le modalit\u00e0 con cui vengono raccolti e trattati I Suoi dati personali. In particolare, Le forniamo le seguenti informazioni:<\/p>\n<p><em><strong>1. Identit\u00e0 e dati di contatto del titolare: Titolare del trattamento dei dati \u00e8:<\/strong><\/em><br \/>\nSCUOLA SCI PONTEDILEGNO-TONALE \u2013 con Sede Legale in Corso Milano,6 \u2013 25056 Pontedilegno (BS), nella persona del suo legale rappresentante pro tempore Mosconi Marco Domenico.<\/p>\n<p>Sar\u00e0 possibile contattare il titolare del trattamento usando i seguenti recapiti:<\/p>\n<ul>\n<li>indirizzo e-mail : info@scuolascipontetonale.com<\/li>\n<li>Indirizzo P.E.C. : scuolascipontetonale@pec.it<\/li>\n<li>Telefono : +39 0364 91301<\/li>\n<\/ul>\n<p><em><strong>2. Finalit\u00e0 del trattamento e base giuridica:<\/strong><\/em><br \/>\nLa raccolta ovvero il trattamento dei dati personali avviene per il perseguimento delle seguenti finalit\u00e0:<\/p>\n<ul>\n<li>Finalit\u00e0 di contatto inerenti all\u2019esecuzione e alla gestione del contratto;<\/li>\n<li>Gestione dell\u2019eventuale contenzioso;<\/li>\n<li>Finalit\u00e0 di marketing diretto e invio di newsletter;<\/li>\n<li>Diffusione (con le modalit\u00e0 indicate alla lett. c) del presente articolo.<\/li>\n<\/ul>\n<p><em><strong>a) Adempimento di obblighi di legge a cui \u00e8 soggetto il Titolare del trattamento (art. 6 co. 1 l. c) GDPR) ed esecuzione di un contratto di cui l\u2019Interessato \u00e8 parte o all\u2019esecuzione di misure precontrattuali adottate su richiesta dello stesso (art. 6 co. 1 l. b) GDPR)<\/strong><\/em><br \/>\nI Suoi dati personali saranno trattati esclusivamente per le finalit\u00e0 connesse all\u2019adempimento delle obbligazioni contrattuali relative all\u2019assistenza, all\u2019insegnamento ed al supporto nell\u2019attivit\u00e0 sciistica.<\/p>\n<p><em><strong>b) Trattamento di particolari categorie di dati (art. 9 co. 2 lett. a) GDPR)<\/strong><br \/>\n<\/em>Il trattamento di particolari categorie di dati (come ad esempio dati relativi all\u2019 infortunio, o informazioni relative ad allergie ed intolleranze alimentari etc.) \u00e8 subordinato al consenso espresso e specifico proveniente dall\u2019Interessato, fornito in calce alla presente informativa. Il conferimento di tali dati \u00e8 obbligatorio. Pertanto, il mancato conferimento dei dati comporter\u00e0 la possibilit\u00e0 da parte del Titolare di procedere alla costituzione del rapporto di lavoro.<\/p>\n<p><em><strong>c) Consenso alla diffusione (art. 9 co. 2 lett. a) GDPR<\/strong><\/em><br \/>\nUlteriormente, previo Suo preventivo esplicito e facoltativo consenso prestato in calce alla presente informativa, nell\u2019ambito della fruizione del servizio il Titolare potr\u00e0 raccogliere e pubblicare fotografie e video ritraenti l\u2019Interessato e\/o il Minore, in occasione delle lezioni e in generale in occasione delle attivit\u00e0 all\u2019aperto, per finalit\u00e0 informative e di promozione circa le attivit\u00e0 svolte dal Titolare del Trattamento. La diffusione di tali contenuti (foto\/video) avverr\u00e0 su siti web, canali social e\/o social network, a titolo esemplificativo e non esaustivo, Twitter, Instagram, YouTube, Pinterest, LinkedIn. Si informa, inoltre, che il consenso alla raccolta e alla diffusione di tali contenuti \u00e8 completamente gratuito, e pertanto i sottoscritti si impegnano a rinunciare a qualsiasi voglia corrispettivo possa derivare dall\u2019utilizzo dei contributi. Il consenso al trattamento di immagini foto\/video per le finalit\u00e0 promozionali sopra indicate \u00e8 facoltativo e l\u2019eventuale Suo rifiuto non avr\u00e0 conseguenze circa la possibilit\u00e0 di usufruire della struttura e dei servizi forniti dal Titolare.<\/p>\n<p><em><strong>3. Modalit\u00e0 del trattamento<\/strong><\/em><br \/>\nIn relazione alle indicate finalit\u00e0, il trattamento dei dati personali avviene mediante strumenti manuali, informatici e telematici con logiche strettamente correlate alle finalit\u00e0 stesse e comunque in modo da garantire la sicurezza e la riservatezza dei dati stessi nel rispetto della normativa citata in epigrafe. \u00c8 esclusa l\u2019esistenza di processi decisionali automatizzati, compresa la cd. profilazione.<\/p>\n<p><em><strong>4. Categorie di soggetti terzi a cui i dati possono essere comunicati.<\/strong><\/em><br \/>\nIl Titolare del Trattamento potr\u00e0 comunicare i suoi dati personali alle seguenti categorie di soggetti: \u2022 istituti assicurativi e legali; \u2022 studi e societ\u00e0 nell\u2019ambito dei rapporti di assistenza e consulenza professionale; \u2022 tecnici per manutenzione e gestione del computer. Tali soggetti tratteranno i dati in qualit\u00e0 di Responsabili del trattamento per conto del Titolare. Potr\u00e0 richiedere l\u2019elenco dei Responsabili del trattamento, utilizzando i dati di contatto del Titolare indicati al punto 1. I dati non saranno diffusi, salvo Suo esplicito e facoltativo consenso alla diffusione di immagini su sito web\/social media, come indicato nel punto 2, lett. c) della presente informativa.<\/p>\n<p><em><strong>5. Durata del trattamento e periodo di conservazione.<\/strong><\/em><br \/>\nI Suoi dati saranno trattati per le finalit\u00e0 sopra indicate e pi\u00f9 precisamente per le attivit\u00e0 di amministrazione e gestione dell\u2019eventuale contenzioso, per un arco di tempo non superiore al conseguimento delle finalit\u00e0 per le quali sono trattati (\u201cprincipio di limitazione della conservazione\u201d, art.5, Reg. UE 2016\/679) o in base alle scadenze previste dalle norme di legge. La verifica sulla obsolescenza dei dati conservati in relazione alle finalit\u00e0 per cui sono stati raccolti viene effettuata periodicamente.<\/p>\n<p><em><strong>6. Trasferimento dei dati fuori dall\u2019Unione Europea<\/strong><\/em><br \/>\nI dati raccolti non saranno oggetto di trasferimento verso Paesi extra-europei.<\/p>\n<p><em><strong>7. Diritti dell\u2019interessato<\/strong><\/em><br \/>\nNella Sua qualit\u00e0 di interessato potr\u00e0 far valere i diritti di cui agli artt. 15 e seguenti del Reg. UE 2016\/679 di seguito riportati: Diritti di accesso, rettifica, integrazione e cancellazione dei dati, portabilit\u00e0, limitazione del trattamento e revoca del consenso prestato. a) A norma del Reg. (UE) 2016\/679 Lei ha diritto di richiedere al Titolare l\u2019accesso ai Suoi dati, nonch\u00e9 la rettifica, l\u2019integrazione o la cancellazione degli stessi. Entro 30 giorni dall\u2019inoltro della richiesta, Le verr\u00e0 fornito riscontro in forma scritta anche attraverso mezzi elettronici. b) Ha inoltre diritto di opporsi al trattamento o di richiedere la limitazione dello stesso, per motivi legittimi e nelle ipotesi previste agli artt. 18 e 21, Reg. UE 2016\/679. c) Potr\u00e0 revocare in qualsiasi momento il consenso al trattamento dei dati prestato per le finalit\u00e0 determinate nella presente informativa. d) In ultimo potr\u00e0 esercitare il diritto alla portabilit\u00e0 dei dati, richiedendo al Titolare la trasmissione degli stessi verso un altro titolare. Per esercitare i diritti sopra indicati sar\u00e0 sufficiente utilizzare uno dei dati di recapito del Titolare del trattamento indicati al punto 1. Diritto di proporre reclamo all\u2019Autorit\u00e0 di Controllo. a) Ha il diritto di rivolgersi all\u2019Autorit\u00e0 di controllo proponendo reclamo, laddove ritenga di i Suoi dati siano trattai in modo illegittimo e contrariamente alle prescrizioni legislative in materia.[\/vc_column_text]<\/div><\/div><!-- \/.sc_content -->[vc_empty_space height=&#8221;4em&#8221; alter_height=&#8221;none&#8221; hide_on_mobile=&#8221;&#8221; hide_on_desktop=&#8221;&#8221; hide_on_notebook=&#8221;&#8221; hide_on_tablet=&#8221;&#8221;][\/vc_column][\/vc_row][vc_row][vc_column][vc_empty_space height=&#8221;4em&#8221; alter_height=&#8221;none&#8221; hide_on_mobile=&#8221;&#8221; hide_on_desktop=&#8221;&#8221; hide_on_notebook=&#8221;&#8221; hide_on_tablet=&#8221;&#8221;][vc_column_text]<\/p>\n<p style=\"text-align: center;\"><em><strong>SCUOLA SCI PONTEDILEGNO-TONALE<\/strong><\/em><br \/>\n<em><strong>Corso Milano,6 \u2013 25056 Pontedilegno (BS)<\/strong><\/em><br \/>\n<em><strong>info@scuolascipontetonale.com \u2013 +39 0364 91301<\/strong><\/em><\/p>\n<p>[\/vc_column_text][\/vc_column][\/vc_row]<\/p>\n<\/div>","protected":false},"excerpt":{"rendered":"<p>[vc_row][vc_column][vc_empty_space height=&#8221;4em&#8221; alter_height=&#8221;none&#8221; hide_on_mobile=&#8221;&#8221; hide_on_desktop=&#8221;&#8221; hide_on_notebook=&#8221;&#8221; hide_on_tablet=&#8221;&#8221;][\/vc_column][\/vc_row][vc_row hide_bg_image_on_tablet=&#8221;&#8221; hide_bg_image_on_mobile=&#8221;&#8221; css=&#8221;.vc_custom_1527690597112{background-color: #f7f8f9 !important;}&#8221;][vc_column icons_position=&#8221;left&#8221;][vc_empty_space height=&#8221;4em&#8221; alter_height=&#8221;none&#8221; hide_on_mobile=&#8221;&#8221; hide_on_desktop=&#8221;&#8221; hide_on_notebook=&#8221;&#8221; hide_on_tablet=&#8221;&#8221;][vc_empty_space height=&#8221;4em&#8221; alter_height=&#8221;none&#8221; hide_on_mobile=&#8221;&#8221; hide_on_desktop=&#8221;&#8221; hide_on_notebook=&#8221;&#8221; hide_on_tablet=&#8221;&#8221;][\/vc_column][\/vc_row][vc_row][vc_column][vc_empty_space height=&#8221;4em&#8221; alter_height=&#8221;none&#8221; hide_on_mobile=&#8221;&#8221; hide_on_desktop=&#8221;&#8221; hide_on_notebook=&#8221;&#8221; hide_on_tablet=&#8221;&#8221;][vc_column_text] SCUOLA SCI PONTEDILEGNO-TONALE Corso Milano,6 \u2013 25056 Pontedilegno (BS) info@scuolascipontetonale.com \u2013 +39 0364 91301 [\/vc_column_text][\/vc_column][\/vc_row]<\/p>\n","protected":false},"author":1,"featured_media":0,"parent":0,"menu_order":0,"comment_status":"closed","ping_status":"closed","template":"","meta":{"footnotes":""},"class_list":["post-750","page","type-page","status-publish","hentry"],"_links":{"self":[{"href":"https:\/\/scuolascipontetonale.com\/new\/index.php\/wp-json\/wp\/v2\/pages\/750","targetHints":{"allow":["GET"]}}],"collection":[{"href":"https:\/\/scuolascipontetonale.com\/new\/index.php\/wp-json\/wp\/v2\/pages"}],"about":[{"href":"https:\/\/scuolascipontetonale.com\/new\/index.php\/wp-json\/wp\/v2\/types\/page"}],"author":[{"embeddable":true,"href":"https:\/\/scuolascipontetonale.com\/new\/index.php\/wp-json\/wp\/v2\/users\/1"}],"replies":[{"embeddable":true,"href":"https:\/\/scuolascipontetonale.com\/new\/index.php\/wp-json\/wp\/v2\/comments?post=750"}],"version-history":[{"count":10,"href":"https:\/\/scuolascipontetonale.com\/new\/index.php\/wp-json\/wp\/v2\/pages\/750\/revisions"}],"predecessor-version":[{"id":2050,"href":"https:\/\/scuolascipontetonale.com\/new\/index.php\/wp-json\/wp\/v2\/pages\/750\/revisions\/2050"}],"wp:attachment":[{"href":"https:\/\/scuolascipontetonale.com\/new\/index.php\/wp-json\/wp\/v2\/media?parent=750"}],"curies":[{"name":"wp","href":"https:\/\/api.w.org\/{rel}","templated":true}]}}